{"id":5119,"date":"2023-06-18T11:36:35","date_gmt":"2023-06-18T09:36:35","guid":{"rendered":"https:\/\/vcmq7f5bps6.c.updraftclone.com\/v2\/?page_id=5119"},"modified":"2023-06-18T11:57:47","modified_gmt":"2023-06-18T09:57:47","slug":"le-centre-2","status":"publish","type":"page","link":"https:\/\/tibetculture.lu\/v3\/fr\/le-centre-2\/","title":{"rendered":"Le centre"},"content":{"rendered":"\n<p>Le Centre Culturel Tib\u00e9tain fut fond\u00e9 par Lama Jigm\u00e9 Namgyal dans le but de partager la sagesse de la culture tib\u00e9taine avec le Luxembourg.\u00a0Sa motivation est d&#8217;en faire b\u00e9n\u00e9ficier les individus, les organisations et la soci\u00e9t\u00e9 en g\u00e9n\u00e9ral ainsi que de pr\u00e9server\u00a0pour les g\u00e9n\u00e9rations futures\u00a0cette culture de sagesse\u00a0unique.<\/p>\n","protected":false},"excerpt":{"rendered":"<p>Le Centre Culturel Tib\u00e9tain fut fond\u00e9 par Lama Jigm\u00e9 Namgyal dans le but de partager la sagesse de la culture tib\u00e9taine avec le Luxembourg.\u00a0Sa motivation est d&#8217;en faire b\u00e9n\u00e9ficier les individus, les organisations et la soci\u00e9t\u00e9 en g\u00e9n\u00e9ral ainsi que de pr\u00e9server\u00a0pour les g\u00e9n\u00e9rations futures\u00a0cette culture de sagesse\u00a0unique.<\/p>\n","protected":false},"author":1,"featured_media":2093,"parent":0,"menu_order":0,"comment_status":"closed","ping_status":"closed","template":"","meta":{"_acf_changed":false,"_monsterinsights_skip_tracking":false,"_monsterinsights_sitenote_active":false,"_monsterinsights_sitenote_note":"","_monsterinsights_sitenote_category":0,"ngg_post_thumbnail":0,"_mc_calendar":[],"footnotes":""},"class_list":["post-5119","page","type-page","status-publish","has-post-thumbnail","hentry"],"acf":[],"_links":{"self":[{"href":"https:\/\/tibetculture.lu\/v3\/wp-json\/wp\/v2\/pages\/5119","targetHints":{"allow":["GET"]}}],"collection":[{"href":"https:\/\/tibetculture.lu\/v3\/wp-json\/wp\/v2\/pages"}],"about":[{"href":"https:\/\/tibetculture.lu\/v3\/wp-json\/wp\/v2\/types\/page"}],"author":[{"embeddable":true,"href":"https:\/\/tibetculture.lu\/v3\/wp-json\/wp\/v2\/users\/1"}],"replies":[{"embeddable":true,"href":"https:\/\/tibetculture.lu\/v3\/wp-json\/wp\/v2\/comments?post=5119"}],"version-history":[{"count":2,"href":"https:\/\/tibetculture.lu\/v3\/wp-json\/wp\/v2\/pages\/5119\/revisions"}],"predecessor-version":[{"id":5126,"href":"https:\/\/tibetculture.lu\/v3\/wp-json\/wp\/v2\/pages\/5119\/revisions\/5126"}],"wp:featuredmedia":[{"embeddable":true,"href":"https:\/\/tibetculture.lu\/v3\/wp-json\/wp\/v2\/media\/2093"}],"wp:attachment":[{"href":"https:\/\/tibetculture.lu\/v3\/wp-json\/wp\/v2\/media?parent=5119"}],"curies":[{"name":"wp","href":"https:\/\/api.w.org\/{rel}","templated":true}]}}