{"id":5132,"date":"2023-06-18T12:22:13","date_gmt":"2023-06-18T10:22:13","guid":{"rendered":"https:\/\/vcmq7f5bps6.c.updraftclone.com\/v2\/?page_id=5132"},"modified":"2023-06-22T14:55:25","modified_gmt":"2023-06-22T12:55:25","slug":"culture-tibetaine","status":"publish","type":"page","link":"https:\/\/tibetculture.lu\/v3\/fr\/culture-tibetaine\/","title":{"rendered":"Culture Tib\u00e9taine"},"content":{"rendered":"\n<p>L&#8217;identit\u00e9 culturelle tib\u00e9taine trouve son expression dans de nombreux domaines : la musique, la danse, la litt\u00e9rature, l&#8217;art, les sciences, la philosophie, la m\u00e9decine, l&#8217;astrologie et la pratique de la spiritualit\u00e9. Tous sont caract\u00e9ris\u00e9s par le d\u00e9veloppement des valeurs humaines fondamentales comme l&#8217;amour, la compassion et la non-violence. Aujourd&#8217;hui la culture tib\u00e9taine est tr\u00e8s menac\u00e9e. Pour cette raison, la pr\u00e9servation de cette culture dans tous ses aspects pour les g\u00e9n\u00e9rations futures est d&#8217;une grande importance.<\/p>\n\n\n\n<h4 class=\"wp-block-heading\">Esprit &amp; Spiritualit\u00e9<\/h4>\n\n\n\n<p>L&#8217;esprit est au c\u0153ur de la tradition tib\u00e9taine de pratique spirituelle. Selon les principes du bouddhisme tib\u00e9tain, la racine du bonheur et de la paix n\u2019est autre que notre propre esprit. Ceci signifie que nous sommes nous-m\u00eames responsables pour notre propre bien-\u00eatre. Le chemin pour y parvenir est d\u2019apprendre \u00e0 apprivoiser notre propre esprit par la m\u00e9ditation.<\/p>\n\n\n\n<h4 class=\"wp-block-heading\">Entreprise &amp; Organisation<\/h4>\n\n\n\n<p>En appliquant les principes spirituels du bouddhisme aux contingences de la vie quotidienne, les Tib\u00e9tains ont su cr\u00e9er des organisations bas\u00e9es sur des valeurs humaines fondamentales. Leur culture est donc caract\u00e9ris\u00e9e par le respect d\u2019autrui, la compassion, la bienveillance et la non-violence, tout en \u00e9tant tr\u00e8s concr\u00e8te et pragmatique. Les Tib\u00e9tains ont donc r\u00e9ussi \u00e0 cr\u00e9er des organisations stables d\u2019une tr\u00e8s grande efficacit\u00e9, bas\u00e9es sur des valeurs humaines.<\/p>\n\n\n\n<h4 class=\"wp-block-heading\">Vie &amp; Sant\u00e9<\/h4>\n\n\n\n<p>Le syst\u00e8me de m\u00e9decine tib\u00e9taine est bas\u00e9 sur une vision holistique du corps et de l\u2019esprit, qui consid\u00e8re ces dimensions comme \u00e9tant un tout indissociable. Selon ce syst\u00e8me, l\u2019\u00e9tat de notre esprit est per\u00e7u comme un facteur crucial pour la sant\u00e9 de notre corps. Savoir trouver le repos de l\u2019esprit et la paix int\u00e9rieure peut donc avoir une influence directe sur notre bien-\u00eatre physique.<\/p>\n\n\n\n<h4 class=\"wp-block-heading\">Art &amp; Musique<\/h4>\n\n\n\n<p>Au travers des si\u00e8cles, l\u2019art, la musique et la danse ont \u00e9t\u00e9 pour beaucoup de Tib\u00e9tains des moyens privil\u00e9gi\u00e9s pour exprimer leur identit\u00e9 spirituelle et culturelle. La danse lama\u00efque, l\u2019art liturgique, les thangkas, ainsi que les chansons d\u2019amour en sont de beaux exemples.<\/p>\n\n\n\n<h4 class=\"wp-block-heading\">Langue<\/h4>\n\n\n\n<p>La langue tib\u00e9taine est une clef inestimable pour p\u00e9n\u00e9trer la culture tib\u00e9taine, ainsi que pour comprendre la philosophie bouddhiste telle qu\u2019elle est pr\u00e9serv\u00e9e au Tibet. Il faut savoir \u00e0 cet effet que l\u2019enti\u00e8ret\u00e9 des enseignements bouddhistes est contenue dans les divers canons du bouddhisme tib\u00e9tain.<br>L\u2019alphabet tib\u00e9tain (model\u00e9 sur l\u2019alphabet indien Gupta) et la grammaire du tib\u00e9tain classique ont \u00e9t\u00e9 \u00e9labor\u00e9s par Thonmi Sambhota au 7<sup>\u00e8me<\/sup>\u00a0si\u00e8cle. Des cours de tib\u00e9tain classique sont enseign\u00e9s r\u00e9guli\u00e8rement au centre.<\/p>\n\n\n\n<h4 class=\"wp-block-heading\">Recherche tib\u00e9tologique<\/h4>\n\n\n\n<p>La tib\u00e9tologie est l\u2019\u00e9tude scientifique de tout ce qui touche au Tibet.\u00a0Cette discipline a contribu\u00e9 \u00e9norm\u00e9ment \u00e0 notre compr\u00e9hension de la culture, de l\u2019histoire et de la religion tib\u00e9taine. Cependant, les r\u00e9sultats de ces recherches sont souvent confin\u00e9s \u00e0 un cercle assez restreint de sp\u00e9cialistes. Nous tentons, par l\u2019organisation de conf\u00e9rences r\u00e9guli\u00e8res, de pr\u00e9senter certains aspects de la recherche tib\u00e9tologique \u00e0 un public plus large d\u2019int\u00e9ress\u00e9s.<\/p>\n\n\n\n<h4 class=\"wp-block-heading\">\u00c9change interreligieux<\/h4>\n\n\n\n<p>Le bouddhisme est une philosophie, une religion ou une mani\u00e8re de vivre selon le point de vue o\u00f9 l\u2019on se place. Il offre de nombreuses m\u00e9thodes pour lib\u00e9rer l\u2019esprit de ses contraintes habituelles.<br>L\u2019\u00e9change interreligieux s\u2019ancre dans une pratique spirituelle s\u00e9rieuse, tout en \u00e9tant ouvert \u00e0 d\u2019autres traditions et en tentant de les comprendre dans toute leur complexit\u00e9. Cette optique permet de d\u00e9couvrir la religion de l\u2019autre dans un espace de respect mutuel, mais aussi de red\u00e9couvrir des richesses insoup\u00e7onn\u00e9es de sa propre religion.<\/p>\n\n\n\n<h4 class=\"wp-block-heading\">Science &amp; Philosophie<\/h4>\n\n\n\n<p>La philosophie bouddhiste tib\u00e9taine est ancr\u00e9e dans la logique, le raisonnement et la conclusion de faits. On peut constater des similarit\u00e9s surprenantes avec l\u2019approche scientifique en Occident. Cela rend possible l\u2019\u00e9change scientifique et philosophique.<\/p>\n","protected":false},"excerpt":{"rendered":"<p>L&#8217;identit\u00e9 culturelle tib\u00e9taine trouve son expression dans de nombreux domaines : la musique, la danse, la litt\u00e9rature, l&#8217;art, les sciences, la philosophie, la m\u00e9decine, l&#8217;astrologie et la pratique de la spiritualit\u00e9. Tous sont caract\u00e9ris\u00e9s par le d\u00e9veloppement des valeurs humaines fondamentales comme l&#8217;amour, la compassion et la non-violence. Aujourd&#8217;hui la culture tib\u00e9taine est tr\u00e8s menac\u00e9e. Pour cette raison, la pr\u00e9servation de cette culture dans tous ses aspects pour les g\u00e9n\u00e9rations futures est d&#8217;une grande importance. Esprit &amp; Spiritualit\u00e9 L&#8217;esprit est [&hellip;]<\/p>\n","protected":false},"author":1,"featured_media":2077,"parent":0,"menu_order":8,"comment_status":"closed","ping_status":"closed","template":"","meta":{"_acf_changed":false,"_monsterinsights_skip_tracking":false,"_monsterinsights_sitenote_active":false,"_monsterinsights_sitenote_note":"","_monsterinsights_sitenote_category":0,"ngg_post_thumbnail":0,"_mc_calendar":[],"footnotes":""},"class_list":["post-5132","page","type-page","status-publish","has-post-thumbnail","hentry"],"acf":[],"_links":{"self":[{"href":"https:\/\/tibetculture.lu\/v3\/wp-json\/wp\/v2\/pages\/5132","targetHints":{"allow":["GET"]}}],"collection":[{"href":"https:\/\/tibetculture.lu\/v3\/wp-json\/wp\/v2\/pages"}],"about":[{"href":"https:\/\/tibetculture.lu\/v3\/wp-json\/wp\/v2\/types\/page"}],"author":[{"embeddable":true,"href":"https:\/\/tibetculture.lu\/v3\/wp-json\/wp\/v2\/users\/1"}],"replies":[{"embeddable":true,"href":"https:\/\/tibetculture.lu\/v3\/wp-json\/wp\/v2\/comments?post=5132"}],"version-history":[{"count":3,"href":"https:\/\/tibetculture.lu\/v3\/wp-json\/wp\/v2\/pages\/5132\/revisions"}],"predecessor-version":[{"id":5243,"href":"https:\/\/tibetculture.lu\/v3\/wp-json\/wp\/v2\/pages\/5132\/revisions\/5243"}],"wp:featuredmedia":[{"embeddable":true,"href":"https:\/\/tibetculture.lu\/v3\/wp-json\/wp\/v2\/media\/2077"}],"wp:attachment":[{"href":"https:\/\/tibetculture.lu\/v3\/wp-json\/wp\/v2\/media?parent=5132"}],"curies":[{"name":"wp","href":"https:\/\/api.w.org\/{rel}","templated":true}]}}