{"id":5232,"date":"2023-06-21T17:36:33","date_gmt":"2023-06-21T15:36:33","guid":{"rendered":"https:\/\/vcmq7f5bps6.c.updraftclone.com\/v2\/?page_id=5232"},"modified":"2023-06-21T17:38:46","modified_gmt":"2023-06-21T15:38:46","slug":"contactez-nous","status":"publish","type":"page","link":"https:\/\/tibetculture.lu\/v3\/fr\/le-centre-2\/contactez-nous\/","title":{"rendered":"Contactez nous"},"content":{"rendered":"\n<p><strong>Centre Culturel Tib\u00e9tain, Asbl<\/strong><br>1, rue Charlotte Engels<br>L-1482 Luxembourg<\/p>\n\n\n\n<p><strong>T\u00e9l\u00e9phone :<\/strong> (+352) 26 68 43 29 (r\u00e9pondeur)<\/p>\n\n\n\n<p><strong>Courriel :<\/strong> info@tibetculture.lu<\/p>\n\n\n\n<p><strong>Coordonn\u00e9es bancaires :<\/strong><br>IBAN: LU79 1111 2413 8246 0000<br>BIC: CCPLLULL<\/p>\n\n\n\n<p>Vous pouvez aussi nous contacter par e-mail via le formulaire ci-apr\u00e8s :<\/p>\n\n\n\n<div class=\"forminator-guttenberg\"><div class=\"forminator-ui forminator-custom-form forminator-custom-form-5007 forminator-design--default  forminator_ajax\" data-forminator-render=\"0\" data-form=\"forminator-module-5007\" data-uid=\"69e1913834f11\"><br\/><\/div><form\n\t\t\t\tid=\"forminator-module-5007\"\n\t\t\t\tclass=\"forminator-ui forminator-custom-form forminator-custom-form-5007 forminator-design--default  forminator_ajax\"\n\t\t\t\tmethod=\"post\"\n\t\t\t\tdata-forminator-render=\"0\"\n\t\t\t\tdata-form-id=\"5007\"\n\t\t\t\t\n\t\t\t\tdata-design=\"default\"\n\t\t\t\tdata-color-option=\"default\"\n\t\t\t\t\n\t\t\t\t\n\t\t\t\t\n\t\t\t\tdata-grid=\"open\"\n\t\t\t\t\n\t\t\t\t\n\t\t\t\tstyle=\"display: none;\"\n\t\t\t\t\n\t\t\t\tdata-uid=\"69e1913834f11\"\n\t\t\t><div role=\"alert\" aria-live=\"polite\" class=\"forminator-response-message forminator-error\" aria-hidden=\"true\"><\/div><div class=\"forminator-row\"><div id=\"name-2\" class=\"forminator-field-name forminator-col forminator-col-12 \"><div class=\"forminator-row forminator-no-margin\" data-multiple=\"true\"><div class=\"forminator-col forminator-col-md-6\"><div class=\"forminator-field\"><label for=\"forminator-field-first-name-2_69e1913834f11\" id=\"forminator-field-first-name-2_69e1913834f11-label\" class=\"forminator-label\">First Name<\/label><input type=\"text\" name=\"name-2-first-name\" placeholder=\"E.g. John\" id=\"forminator-field-first-name-2_69e1913834f11\" class=\"forminator-input\" aria-required=\"false\" data-multi=\"1\" value=\"\" \/><\/div><\/div><div class=\"forminator-col forminator-col-md-6\"><div class=\"forminator-field\"><label for=\"forminator-field-last-name-2_69e1913834f11\" id=\"forminator-field-last-name-2_69e1913834f11-label\" class=\"forminator-label\">Last Name<\/label><input type=\"text\" name=\"name-2-last-name\" placeholder=\"E.g. Doe\" id=\"forminator-field-last-name-2_69e1913834f11\" class=\"forminator-input\" aria-required=\"false\" data-multi=\"1\" value=\"\" \/><\/div><\/div><\/div><\/div><\/div><div class=\"forminator-row\"><div id=\"email-1\" class=\"forminator-field-email forminator-col forminator-col-12 \"><div class=\"forminator-field\"><label for=\"forminator-field-email-1_69e1913834f11\" id=\"forminator-field-email-1_69e1913834f11-label\" class=\"forminator-label\">Email Address <span class=\"forminator-required\">*<\/span><\/label><input type=\"email\" name=\"email-1\" value=\"\" placeholder=\"E.g. john@doe.com\" id=\"forminator-field-email-1_69e1913834f11\" class=\"forminator-input forminator-email--field\" data-required=\"true\" aria-required=\"true\" \/><\/div><\/div><\/div><div class=\"forminator-row\"><div id=\"phone-1\" class=\"forminator-field-phone forminator-col forminator-col-12 \"><div class=\"forminator-field\"><label for=\"forminator-field-phone-1_69e1913834f11\" id=\"forminator-field-phone-1_69e1913834f11-label\" class=\"forminator-label\">Phone Number<\/label><input type=\"text\" name=\"phone-1\" value=\"\" placeholder=\"E.g. +352 621 00 00\" id=\"forminator-field-phone-1_69e1913834f11\" class=\"forminator-input forminator-field--phone\" data-required=\"\" aria-required=\"false\" autocomplete=\"off\" \/><\/div><\/div><\/div><div class=\"forminator-row\"><div id=\"textarea-1\" class=\"forminator-field-textarea forminator-col forminator-col-12 \"><div class=\"forminator-field\"><label for=\"forminator-field-textarea-1_69e1913834f11\" id=\"forminator-field-textarea-1_69e1913834f11-label\" class=\"forminator-label\">Message <span class=\"forminator-required\">*<\/span><\/label><textarea name=\"textarea-1\" placeholder=\"Enter your message...\" id=\"forminator-field-textarea-1_69e1913834f11\" class=\"forminator-textarea\" rows=\"6\" style=\"min-height:140px;\" maxlength=\"180\" ><\/textarea><span id=\"forminator-field-textarea-1_69e1913834f11-description\" class=\"forminator-description\"><span data-limit=\"180\" data-type=\"characters\" data-editor=\"\">0 \/ 180<\/span><\/span><\/div><\/div><\/div><div class=\"forminator-row\"><div id=\"captcha-1\" class=\"forminator-field-captcha forminator-col forminator-col-12 \"><div class=\"forminator-captcha-left forminator-g-recaptcha recaptcha-invisible\" data-theme=\"light\" data-badge=\"inline\" data-sitekey=\"6LcUGFYsAAAAAIYxWjEIDtKSkFnRtwJ1nGMZunaN\" data-size=\"invisible\"><\/div> <\/div><\/div><input type=\"hidden\" name=\"referer_url\" value=\"\" \/><div class=\"forminator-row forminator-row-last\"><div class=\"forminator-col\"><div class=\"forminator-field\"><button class=\"forminator-button forminator-button-submit\">Send Message<\/button><\/div><\/div><\/div><input type=\"hidden\" id=\"forminator_nonce\" name=\"forminator_nonce\" value=\"2e9b41ddcb\" \/><input type=\"hidden\" name=\"_wp_http_referer\" value=\"\/v3\/wp-json\/wp\/v2\/pages\/5232\" \/><input type=\"hidden\" name=\"form_id\" value=\"5007\"><input type=\"hidden\" name=\"page_id\" value=\"5232\"><input type=\"hidden\" name=\"form_type\" value=\"default\"><input type=\"hidden\" name=\"current_url\" value=\"https:\/\/tibetculture.lu\/v3\/fr\/le-centre-2\/contactez-nous\/\"><input type=\"hidden\" name=\"render_id\" value=\"0\"><input type=\"hidden\" name=\"action\" value=\"forminator_submit_form_custom-forms\"><\/form><\/div>\n","protected":false},"excerpt":{"rendered":"<p>Centre Culturel Tib\u00e9tain, Asbl1, rue Charlotte EngelsL-1482 Luxembourg T\u00e9l\u00e9phone : (+352) 26 68 43 29 (r\u00e9pondeur) Courriel : info@tibetculture.lu Coordonn\u00e9es bancaires :IBAN: LU79 1111 2413 8246 0000BIC: CCPLLULL Vous pouvez aussi nous contacter par e-mail via le formulaire ci-apr\u00e8s :<\/p>\n","protected":false},"author":1,"featured_media":255,"parent":5119,"menu_order":7,"comment_status":"closed","ping_status":"closed","template":"","meta":{"_acf_changed":false,"_monsterinsights_skip_tracking":false,"_monsterinsights_sitenote_active":false,"_monsterinsights_sitenote_note":"","_monsterinsights_sitenote_category":0,"ngg_post_thumbnail":0,"_mc_calendar":[],"footnotes":""},"class_list":["post-5232","page","type-page","status-publish","has-post-thumbnail","hentry"],"acf":[],"_links":{"self":[{"href":"https:\/\/tibetculture.lu\/v3\/wp-json\/wp\/v2\/pages\/5232","targetHints":{"allow":["GET"]}}],"collection":[{"href":"https:\/\/tibetculture.lu\/v3\/wp-json\/wp\/v2\/pages"}],"about":[{"href":"https:\/\/tibetculture.lu\/v3\/wp-json\/wp\/v2\/types\/page"}],"author":[{"embeddable":true,"href":"https:\/\/tibetculture.lu\/v3\/wp-json\/wp\/v2\/users\/1"}],"replies":[{"embeddable":true,"href":"https:\/\/tibetculture.lu\/v3\/wp-json\/wp\/v2\/comments?post=5232"}],"version-history":[{"count":2,"href":"https:\/\/tibetculture.lu\/v3\/wp-json\/wp\/v2\/pages\/5232\/revisions"}],"predecessor-version":[{"id":5235,"href":"https:\/\/tibetculture.lu\/v3\/wp-json\/wp\/v2\/pages\/5232\/revisions\/5235"}],"up":[{"embeddable":true,"href":"https:\/\/tibetculture.lu\/v3\/wp-json\/wp\/v2\/pages\/5119"}],"wp:featuredmedia":[{"embeddable":true,"href":"https:\/\/tibetculture.lu\/v3\/wp-json\/wp\/v2\/media\/255"}],"wp:attachment":[{"href":"https:\/\/tibetculture.lu\/v3\/wp-json\/wp\/v2\/media?parent=5232"}],"curies":[{"name":"wp","href":"https:\/\/api.w.org\/{rel}","templated":true}]}}