{"id":5249,"date":"2023-06-22T15:14:41","date_gmt":"2023-06-22T13:14:41","guid":{"rendered":"https:\/\/vcmq7f5bps6.c.updraftclone.com\/v2\/?page_id=5249"},"modified":"2023-06-22T15:15:49","modified_gmt":"2023-06-22T13:15:49","slug":"programme-cours","status":"publish","type":"page","link":"https:\/\/tibetculture.lu\/v3\/fr\/programme-cours\/","title":{"rendered":"Programme \/ Cours"},"content":{"rendered":"\n<p>Afin de promouvoir la connaissance de la culture tib\u00e9taine au Luxembourg, le Centre Culturel Tib\u00e9tain organise des cours r\u00e9guliers en philosophie bouddhique, pratique de la m\u00e9ditation et langue tib\u00e9taine.<\/p>\n\n\n\n<p>A c\u00f4t\u00e9 de ces cours r\u00e9guliers, le Centre Culturel Tib\u00e9tain a, au fil des ann\u00e9es, anim\u00e9 de nombreux \u00e9v\u00e8nements mettant \u00e0 l\u2019honneur divers aspects de la culture tib\u00e9taine. On mentionnera, notamment, des conf\u00e9rences sur la m\u00e9decine et l\u2019astrologie tib\u00e9taine, des enseignements de lamas appartenant aux diff\u00e9rentes \u00e9coles du bouddhisme tib\u00e9tain, des conf\u00e9rences sur l\u2019histoire et la religion tib\u00e9taine, un spectacle de Miss Tibet, des spectacles de musique et de danse tib\u00e9taine, et m\u00eame l\u2019occasion de go\u00fbter des sp\u00e9cialit\u00e9s culinaires tib\u00e9taines.<\/p>\n\n\n\n<p>Lama Jigm\u00e9 Namgyal participe r\u00e9guli\u00e8rement au dialogue interreligieux, et a \u00e9galement rencontr\u00e9 des \u00e9l\u00e8ves du secondaire, r\u00e9pondant \u00e0 leurs questions et les encourageant dans l\u2019art du d\u00e9bat philosophique.<\/p>\n","protected":false},"excerpt":{"rendered":"<p>Afin de promouvoir la connaissance de la culture tib\u00e9taine au Luxembourg, le Centre Culturel Tib\u00e9tain organise des cours r\u00e9guliers en philosophie bouddhique, pratique de la m\u00e9ditation et langue tib\u00e9taine. A c\u00f4t\u00e9 de ces cours r\u00e9guliers, le Centre Culturel Tib\u00e9tain a, au fil des ann\u00e9es, anim\u00e9 de nombreux \u00e9v\u00e8nements mettant \u00e0 l\u2019honneur divers aspects de la culture tib\u00e9taine. On mentionnera, notamment, des conf\u00e9rences sur la m\u00e9decine et l\u2019astrologie tib\u00e9taine, des enseignements de lamas appartenant aux diff\u00e9rentes \u00e9coles du bouddhisme tib\u00e9tain, des [&hellip;]<\/p>\n","protected":false},"author":1,"featured_media":230,"parent":0,"menu_order":3,"comment_status":"closed","ping_status":"closed","template":"","meta":{"_acf_changed":false,"_monsterinsights_skip_tracking":false,"_monsterinsights_sitenote_active":false,"_monsterinsights_sitenote_note":"","_monsterinsights_sitenote_category":0,"ngg_post_thumbnail":0,"_mc_calendar":[],"footnotes":""},"class_list":["post-5249","page","type-page","status-publish","has-post-thumbnail","hentry"],"acf":[],"_links":{"self":[{"href":"https:\/\/tibetculture.lu\/v3\/wp-json\/wp\/v2\/pages\/5249","targetHints":{"allow":["GET"]}}],"collection":[{"href":"https:\/\/tibetculture.lu\/v3\/wp-json\/wp\/v2\/pages"}],"about":[{"href":"https:\/\/tibetculture.lu\/v3\/wp-json\/wp\/v2\/types\/page"}],"author":[{"embeddable":true,"href":"https:\/\/tibetculture.lu\/v3\/wp-json\/wp\/v2\/users\/1"}],"replies":[{"embeddable":true,"href":"https:\/\/tibetculture.lu\/v3\/wp-json\/wp\/v2\/comments?post=5249"}],"version-history":[{"count":1,"href":"https:\/\/tibetculture.lu\/v3\/wp-json\/wp\/v2\/pages\/5249\/revisions"}],"predecessor-version":[{"id":5252,"href":"https:\/\/tibetculture.lu\/v3\/wp-json\/wp\/v2\/pages\/5249\/revisions\/5252"}],"wp:featuredmedia":[{"embeddable":true,"href":"https:\/\/tibetculture.lu\/v3\/wp-json\/wp\/v2\/media\/230"}],"wp:attachment":[{"href":"https:\/\/tibetculture.lu\/v3\/wp-json\/wp\/v2\/media?parent=5249"}],"curies":[{"name":"wp","href":"https:\/\/api.w.org\/{rel}","templated":true}]}}