{"id":5286,"date":"2023-06-28T19:35:08","date_gmt":"2023-06-28T17:35:08","guid":{"rendered":"https:\/\/tibetculture.lu\/v3\/?page_id=5286"},"modified":"2023-06-28T20:30:15","modified_gmt":"2023-06-28T18:30:15","slug":"lama-jigme-namgyal","status":"publish","type":"page","link":"https:\/\/tibetculture.lu\/v3\/fr\/lama-jigme-namgyal\/","title":{"rendered":"Lama Jigm\u00e9 Namgyal"},"content":{"rendered":"\n<div class=\"wp-block-media-text alignwide is-stacked-on-mobile\" style=\"grid-template-columns:30% auto\"><figure class=\"wp-block-media-text__media\"><img fetchpriority=\"high\" decoding=\"async\" width=\"213\" height=\"300\" src=\"https:\/\/tibetculture.lu\/v3\/wp-content\/uploads\/2023\/06\/Lama_photo-213x300-2.jpg\" alt=\"\" class=\"wp-image-5312 size-full\"\/><\/figure><div class=\"wp-block-media-text__content\">\n<p>Lama Jigm\u00e9 Namgyal est n\u00e9 dans une famille de nomades dans la r\u00e9gion du     Golog au Tibet oriental, o\u00f9 il \u00e9tudia le bouddhisme d\u00e8s son plus jeune \u00e2ge. Son ma\u00eetre principal fut le Khenpo Jigm\u00e9 Phuntsok, avec qui il \u00e9tudia \u00e0 l\u2019universit\u00e9 de Serthar Larung Gar. Apr\u00e8s avoir consult\u00e9 ses ma\u00eetres, Lama Jigm\u00e9 Namgyal d\u00e9cida de quitter le Tibet pour l\u2019Europe. Ce fut un pas \u00e9norme, car il ne parlait aucune langue europ\u00e9enne et ne connaissait rien de la culture europ\u00e9enne. C\u2019est en travaillant pour gagner sa vie qu\u2019il apprit l\u2019anglais et d\u00e9veloppa sa connaissance des coutumes locales. Il fonda le Centre Culturel Tib\u00e9tain au Luxembourg et un autre centre \u00e0 Rotterdam (Phuntsok Ch\u00f6 Ling).<\/p>\n\n\n\n<p>En plus d\u2019enseigner la m\u00e9ditation, Lama Jigm\u00e9 a une grande exp\u00e9rience dans l\u2019accompagnement spirituel des mourants et il est aussi profond\u00e9ment int\u00e9ress\u00e9 par le dialogue interreligieux.<\/p>\n<\/div><\/div>\n\n\n\n<p>Il est dou\u00e9 d\u2019un sens de l\u2019humour tr\u00e8s aigu, gr\u00e2ce auquel il sait cr\u00e9er une connexion intime avec ses \u00e9tudiants occidentaux et leur communiquer une exp\u00e9rience au-del\u00e0 des mots.<\/p>\n","protected":false},"excerpt":{"rendered":"<p>Lama Jigm\u00e9 Namgyal est n\u00e9 dans une famille de nomades dans la r\u00e9gion du Golog au Tibet oriental, o\u00f9 il \u00e9tudia le bouddhisme d\u00e8s son plus jeune \u00e2ge. Son ma\u00eetre principal fut le Khenpo Jigm\u00e9 Phuntsok, avec qui il \u00e9tudia \u00e0 l\u2019universit\u00e9 de Serthar Larung Gar. Apr\u00e8s avoir consult\u00e9 ses ma\u00eetres, Lama Jigm\u00e9 Namgyal d\u00e9cida de quitter le Tibet pour l\u2019Europe. Ce fut un pas \u00e9norme, car il ne parlait aucune langue europ\u00e9enne et ne connaissait rien de la culture [&hellip;]<\/p>\n","protected":false},"author":1,"featured_media":217,"parent":0,"menu_order":9,"comment_status":"closed","ping_status":"closed","template":"","meta":{"_acf_changed":false,"_monsterinsights_skip_tracking":false,"_monsterinsights_sitenote_active":false,"_monsterinsights_sitenote_note":"","_monsterinsights_sitenote_category":0,"ngg_post_thumbnail":0,"_mc_calendar":[],"footnotes":""},"class_list":["post-5286","page","type-page","status-publish","has-post-thumbnail","hentry"],"acf":[],"_links":{"self":[{"href":"https:\/\/tibetculture.lu\/v3\/wp-json\/wp\/v2\/pages\/5286","targetHints":{"allow":["GET"]}}],"collection":[{"href":"https:\/\/tibetculture.lu\/v3\/wp-json\/wp\/v2\/pages"}],"about":[{"href":"https:\/\/tibetculture.lu\/v3\/wp-json\/wp\/v2\/types\/page"}],"author":[{"embeddable":true,"href":"https:\/\/tibetculture.lu\/v3\/wp-json\/wp\/v2\/users\/1"}],"replies":[{"embeddable":true,"href":"https:\/\/tibetculture.lu\/v3\/wp-json\/wp\/v2\/comments?post=5286"}],"version-history":[{"count":7,"href":"https:\/\/tibetculture.lu\/v3\/wp-json\/wp\/v2\/pages\/5286\/revisions"}],"predecessor-version":[{"id":5313,"href":"https:\/\/tibetculture.lu\/v3\/wp-json\/wp\/v2\/pages\/5286\/revisions\/5313"}],"wp:featuredmedia":[{"embeddable":true,"href":"https:\/\/tibetculture.lu\/v3\/wp-json\/wp\/v2\/media\/217"}],"wp:attachment":[{"href":"https:\/\/tibetculture.lu\/v3\/wp-json\/wp\/v2\/media?parent=5286"}],"curies":[{"name":"wp","href":"https:\/\/api.w.org\/{rel}","templated":true}]}}