{"id":5330,"date":"2023-06-29T20:44:18","date_gmt":"2023-06-29T18:44:18","guid":{"rendered":"https:\/\/tibetculture.lu\/v3\/?page_id=5330"},"modified":"2024-07-15T17:47:15","modified_gmt":"2024-07-15T15:47:15","slug":"qui-sommes-nous","status":"publish","type":"page","link":"https:\/\/tibetculture.lu\/v3\/fr\/le-centre-2\/qui-sommes-nous\/","title":{"rendered":"Qui sommes-nous ?"},"content":{"rendered":"\n<p>Lama Jigm\u00e9 Namgyal<br>Kelvin Ho (Pr\u00e9sident)<br>Carlota Pracana (Secr\u00e9taire)<br>Gianfranco Picchi (Tr\u00e9sorier)<br>Lucie Mala (Administrateur)<br>Dylan Esler (Enseignant, Interpr\u00e8te)<\/p>\n","protected":false},"excerpt":{"rendered":"<p>Lama Jigm\u00e9 NamgyalKelvin Ho (Pr\u00e9sident)Carlota Pracana (Secr\u00e9taire)Gianfranco Picchi (Tr\u00e9sorier)Lucie Mala (Administrateur)Dylan Esler (Enseignant, Interpr\u00e8te)<\/p>\n","protected":false},"author":1,"featured_media":213,"parent":5119,"menu_order":2,"comment_status":"closed","ping_status":"closed","template":"","meta":{"_acf_changed":false,"_monsterinsights_skip_tracking":false,"_monsterinsights_sitenote_active":false,"_monsterinsights_sitenote_note":"","_monsterinsights_sitenote_category":0,"ngg_post_thumbnail":0,"_mc_calendar":[],"footnotes":""},"class_list":["post-5330","page","type-page","status-publish","has-post-thumbnail","hentry"],"acf":[],"_links":{"self":[{"href":"https:\/\/tibetculture.lu\/v3\/wp-json\/wp\/v2\/pages\/5330","targetHints":{"allow":["GET"]}}],"collection":[{"href":"https:\/\/tibetculture.lu\/v3\/wp-json\/wp\/v2\/pages"}],"about":[{"href":"https:\/\/tibetculture.lu\/v3\/wp-json\/wp\/v2\/types\/page"}],"author":[{"embeddable":true,"href":"https:\/\/tibetculture.lu\/v3\/wp-json\/wp\/v2\/users\/1"}],"replies":[{"embeddable":true,"href":"https:\/\/tibetculture.lu\/v3\/wp-json\/wp\/v2\/comments?post=5330"}],"version-history":[{"count":2,"href":"https:\/\/tibetculture.lu\/v3\/wp-json\/wp\/v2\/pages\/5330\/revisions"}],"predecessor-version":[{"id":5965,"href":"https:\/\/tibetculture.lu\/v3\/wp-json\/wp\/v2\/pages\/5330\/revisions\/5965"}],"up":[{"embeddable":true,"href":"https:\/\/tibetculture.lu\/v3\/wp-json\/wp\/v2\/pages\/5119"}],"wp:featuredmedia":[{"embeddable":true,"href":"https:\/\/tibetculture.lu\/v3\/wp-json\/wp\/v2\/media\/213"}],"wp:attachment":[{"href":"https:\/\/tibetculture.lu\/v3\/wp-json\/wp\/v2\/media?parent=5330"}],"curies":[{"name":"wp","href":"https:\/\/api.w.org\/{rel}","templated":true}]}}